{"id":2028,"date":"2024-02-05T10:24:58","date_gmt":"2024-02-05T09:24:58","guid":{"rendered":"https:\/\/domotrust.fr\/?post_type=product&#038;p=2028"},"modified":"2024-02-05T11:34:02","modified_gmt":"2024-02-05T10:34:02","slug":"alarme-ajax-2","status":"publish","type":"product","link":"https:\/\/domotrust.fr\/index.php\/product\/alarme-ajax-2\/","title":{"rendered":"Alarme AJAX avec Sir\u00e8ne ext\u00e9rieure (Existe en BLANC ou NOIR)"},"content":{"rendered":"<p><strong>KIT ALARME AJAX AVEC SIRENE EXTERIEURE\u00a0<\/strong><\/p>\n<h3><strong>1x Centrale HUB<\/strong><\/h3>\n<p>Centrale de contr\u00f4le du syst\u00e8me, qui peut \u00eatre aliment\u00e9e via le r\u00e9seau domestique 230V Connectivit\u00e9 GPRS et LAN, \u00e9quip\u00e9 d&rsquo;une entr\u00e9e Ethernet et d&rsquo;un insert de carte micro Sim 2G \u00c9quip\u00e9 d&rsquo;une batterie de secours d&rsquo;une autonomie maximale de 15h<\/p>\n<h3><strong>1x Capteur MotionProtect<\/strong><\/h3>\n<p>Le d\u00e9tecteur de mouvement sans fil, \u00e9quip\u00e9 de la technologie pet-immune, ne d\u00e9tecte pas les animaux jusqu&rsquo;\u00e0 20 kg de poids et 50 cm de taille Fonctionnement avec batterie, port\u00e9e radio jusqu&rsquo;\u00e0 1700 m en champ libre<\/p>\n<h3><strong>1x Capteur DoorProtect<\/strong><\/h3>\n<p>D\u00e9tecteur d&rsquo;ouverture sans fil \u00e0 contact magn\u00e9tique pour portes et fen\u00eatres Fonctionnement avec batterie, port\u00e9e radio jusqu&rsquo;\u00e0 1200 m en champ libre<\/p>\n<h3><a href=\"https:\/\/domotrust.fr\/index.php\/product\/alarme-ajax-2\/\"><strong>1x T\u00e9l\u00e9commande SpaceControl<\/strong><\/a><\/h3>\n<p>T\u00e9l\u00e9commande pour l&rsquo;activation de l&rsquo;alarme, \u00e9quip\u00e9e de LED de signalisation et de protection contre les appuis accidentels sur les touches Port\u00e9e radio jusqu&rsquo;\u00e0 1300m en champ libre. Tous les autres accessoires et capteurs suppl\u00e9mentaires peuvent \u00eatre achet\u00e9s s\u00e9par\u00e9ment<\/p>\n<h3><a href=\"https:\/\/domotrust.fr\/index.php\/product\/alarme-ajax-2\/\"><strong>1x Sir\u00e8ne ext\u00e9rieure StreetSiren<\/strong><\/a><\/h3>\n<p>Sir\u00e8ne sans fil avec cadre LED et buzzer pi\u00e9zo\u00e9lectrique. L&rsquo;appareil est con\u00e7u pour \u00eatre install\u00e9 \u00e0 l&rsquo;ext\u00e9rieur et \u00e0 l&rsquo;int\u00e9rieur<\/p>\n","protected":false},"excerpt":{"rendered":"<p>Kit alarme AJAX<\/p>\n","protected":false},"featured_media":2034,"comment_status":"open","ping_status":"closed","template":"","meta":{"om_disable_all_campaigns":false,"_monsterinsights_skip_tracking":false,"_monsterinsights_sitenote_active":false,"_monsterinsights_sitenote_note":"","_monsterinsights_sitenote_category":0,"ocean_post_layout":"","ocean_both_sidebars_style":"","ocean_both_sidebars_content_width":0,"ocean_both_sidebars_sidebars_width":0,"ocean_sidebar":"0","ocean_second_sidebar":"0","ocean_disable_margins":"enable","ocean_add_body_class":"","ocean_shortcode_before_top_bar":"","ocean_shortcode_after_top_bar":"","ocean_shortcode_before_header":"","ocean_shortcode_after_header":"","ocean_has_shortcode":"","ocean_shortcode_after_title":"","ocean_shortcode_before_footer_widgets":"","ocean_shortcode_after_footer_widgets":"","ocean_shortcode_before_footer_bottom":"","ocean_shortcode_after_footer_bottom":"","ocean_display_top_bar":"default","ocean_display_header":"default","ocean_header_style":"","ocean_center_header_left_menu":"0","ocean_custom_header_template":"0","ocean_custom_logo":0,"ocean_custom_retina_logo":0,"ocean_custom_logo_max_width":0,"ocean_custom_logo_tablet_max_width":0,"ocean_custom_logo_mobile_max_width":0,"ocean_custom_logo_max_height":0,"ocean_custom_logo_tablet_max_height":0,"ocean_custom_logo_mobile_max_height":0,"ocean_header_custom_menu":"0","ocean_menu_typo_font_family":"0","ocean_menu_typo_font_subset":"","ocean_menu_typo_font_size":0,"ocean_menu_typo_font_size_tablet":0,"ocean_menu_typo_font_size_mobile":0,"ocean_menu_typo_font_size_unit":"px","ocean_menu_typo_font_weight":"","ocean_menu_typo_font_weight_tablet":"","ocean_menu_typo_font_weight_mobile":"","ocean_menu_typo_transform":"","ocean_menu_typo_transform_tablet":"","ocean_menu_typo_transform_mobile":"","ocean_menu_typo_line_height":0,"ocean_menu_typo_line_height_tablet":0,"ocean_menu_typo_line_height_mobile":0,"ocean_menu_typo_line_height_unit":"","ocean_menu_typo_spacing":0,"ocean_menu_typo_spacing_tablet":0,"ocean_menu_typo_spacing_mobile":0,"ocean_menu_typo_spacing_unit":"","ocean_menu_link_color":"","ocean_menu_link_color_hover":"","ocean_menu_link_color_active":"","ocean_menu_link_background":"","ocean_menu_link_hover_background":"","ocean_menu_link_active_background":"","ocean_menu_social_links_bg":"","ocean_menu_social_hover_links_bg":"","ocean_menu_social_links_color":"","ocean_menu_social_hover_links_color":"","ocean_disable_title":"default","ocean_disable_heading":"default","ocean_post_title":"","ocean_post_subheading":"","ocean_post_title_style":"","ocean_post_title_background_color":"","ocean_post_title_background":0,"ocean_post_title_bg_image_position":"","ocean_post_title_bg_image_attachment":"","ocean_post_title_bg_image_repeat":"","ocean_post_title_bg_image_size":"","ocean_post_title_height":0,"ocean_post_title_bg_overlay":0.5,"ocean_post_title_bg_overlay_color":"","ocean_disable_breadcrumbs":"default","ocean_breadcrumbs_color":"","ocean_breadcrumbs_separator_color":"","ocean_breadcrumbs_links_color":"","ocean_breadcrumbs_links_hover_color":"","ocean_display_footer_widgets":"default","ocean_display_footer_bottom":"default","ocean_custom_footer_template":"0"},"product_cat":[20],"product_tag":[69,71,70,72],"aioseo_notices":[],"jetpack_sharing_enabled":true,"_links":{"self":[{"href":"https:\/\/domotrust.fr\/index.php\/wp-json\/wp\/v2\/product\/2028"}],"collection":[{"href":"https:\/\/domotrust.fr\/index.php\/wp-json\/wp\/v2\/product"}],"about":[{"href":"https:\/\/domotrust.fr\/index.php\/wp-json\/wp\/v2\/types\/product"}],"replies":[{"embeddable":true,"href":"https:\/\/domotrust.fr\/index.php\/wp-json\/wp\/v2\/comments?post=2028"}],"wp:featuredmedia":[{"embeddable":true,"href":"https:\/\/domotrust.fr\/index.php\/wp-json\/wp\/v2\/media\/2034"}],"wp:attachment":[{"href":"https:\/\/domotrust.fr\/index.php\/wp-json\/wp\/v2\/media?parent=2028"}],"wp:term":[{"taxonomy":"product_cat","embeddable":true,"href":"https:\/\/domotrust.fr\/index.php\/wp-json\/wp\/v2\/product_cat?post=2028"},{"taxonomy":"product_tag","embeddable":true,"href":"https:\/\/domotrust.fr\/index.php\/wp-json\/wp\/v2\/product_tag?post=2028"}],"curies":[{"name":"wp","href":"https:\/\/api.w.org\/{rel}","templated":true}]}}